{"id":95,"date":"2016-11-07T18:58:14","date_gmt":"2016-11-07T18:58:14","guid":{"rendered":"http:\/\/corgitrade.com\/centenario50pesos\/?page_id=95"},"modified":"2016-11-09T22:03:25","modified_gmt":"2016-11-09T22:03:25","slug":"terminos-y-condiciones","status":"publish","type":"page","link":"https:\/\/corgitrade.com\/centenario50pesos\/es\/terminos-y-condiciones\/","title":{"rendered":"T\u00e9rminos y condiciones"},"content":{"rendered":"<p>Centenario50Pesos.com condiciones del servicio (&#8220;acuerdo&#8221;)<\/p>\n<p>Este acuerdo fue su \u00faltima modificaci\u00f3n el 07\/11\/16.<\/p>\n<p>Por favor lea estos t\u00e9rminos de servicio completamente con el sitio web Centenario50Pesos.com que es propiedad y est\u00e1 operado por Centenario50Pesos.com. Este acuerdo documenta los legalmente vinculante t\u00e9rminos y condiciones de uso del sitio en Centenario50Pesos.com.<\/p>\n<p>Al usar o acceder al sitio de cualquier manera, viendo navegar por el sitio o a\u00f1adiendo su propio contenido al sitio, usted acepta estar obligado por estos t\u00e9rminos de servicio.<\/p>\n<p>Propiedad intelectual<\/p>\n<p>El sitio y todo su contenido original, sin contar el contenido de otros sitios, son propiedad exclusiva de Centenario50Pesos.com y como tal, est\u00e1n, totalmente protegido por el copyright internacional apropiado y otras leyes de derechos de propiedad intelectual.<\/p>\n<p>Terminaci\u00f3n<\/p>\n<p>Centenario50Pesos.com se reserva el derecho de terminar su acceso al sitio, sin ning\u00fan previo aviso.<\/p>\n<p>Enlaces a otros sitios web<\/p>\n<p>Nuestro sitio contiene una serie de enlaces a otros sitios web y recursos en l\u00ednea que no son propiedad o controlados por Centenario50Pesos.com.<\/p>\n<p>Centenario50Pesos.com no tiene control sobre y por lo tanto no puede asumir responsabilidad por el contenido o general pr\u00e1cticas de cualquiera de estos sitios de terceros o servicios. Por lo tanto, aconsejamos que lea la totalidad t\u00e9rminos y condiciones y pol\u00edtica de privacidad de cualquier sitio que usted visita como resultado de un enlace que es publicada en nuestro sitio.<\/p>\n<p>Ley que rige<\/p>\n<p>Este acuerdo se rige conforme a las leyes de Inglaterra y pa\u00eds de Gales, Reino Unido.<\/p>\n<p>Cambios a este acuerdo<\/p>\n<p>Centenario50Pesos.com se reserva el derecho de modificar estos t\u00e9rminos de servicio en cualquier momento. Lo hacemos por publicar y llamar la atenci\u00f3n a los t\u00e9rminos actualizados en el sitio. Su decisi\u00f3n de continuar visitar y hacer uso del sitio despu\u00e9s de tales cambios constituye su aceptaci\u00f3n formal de los nuevos t\u00e9rminos de servicio.<\/p>\n<p>Por lo tanto, le pedimos que revise y revise este acuerdo para tales cambios sobre una base ocasional. Debe usted no acepta alguna disposici\u00f3n de este acuerdo o cualquier modificaci\u00f3n que realicemos en este acuerdo, pedimos y aconsejamos que no utilice o continuar acceder al sitio de Centenario50Pesos.com inmediatamente.<\/p>\n<p>En contacto con nosotros<\/p>\n<p>Si tienes cualquier duda sobre este acuerdo, no dude en contactar con nosotros mediante el enlace contacto.<\/p>\n","protected":false},"excerpt":{"rendered":"<p>Centenario50Pesos.com condiciones del servicio (&#8220;acuerdo&#8221;) Este acuerdo fue su \u00faltima modificaci\u00f3n el 07\/11\/16. Por favor lea estos t\u00e9rminos de servicio completamente con el sitio web Centenario50Pesos.com que es propiedad y est\u00e1 operado por Centenario50Pesos.com. Este acuerdo documenta los legalmente vinculante t\u00e9rminos y condiciones de uso del sitio en Centenario50Pesos.com. Al usar o acceder al sitio [&hellip;]<\/p>\n","protected":false},"author":2,"featured_media":0,"parent":0,"menu_order":95,"comment_status":"closed","ping_status":"closed","template":"","meta":[],"_links":{"self":[{"href":"https:\/\/corgitrade.com\/centenario50pesos\/wp-json\/wp\/v2\/pages\/95"}],"collection":[{"href":"https:\/\/corgitrade.com\/centenario50pesos\/wp-json\/wp\/v2\/pages"}],"about":[{"href":"https:\/\/corgitrade.com\/centenario50pesos\/wp-json\/wp\/v2\/types\/page"}],"author":[{"embeddable":true,"href":"https:\/\/corgitrade.com\/centenario50pesos\/wp-json\/wp\/v2\/users\/2"}],"replies":[{"embeddable":true,"href":"https:\/\/corgitrade.com\/centenario50pesos\/wp-json\/wp\/v2\/comments?post=95"}],"version-history":[{"count":1,"href":"https:\/\/corgitrade.com\/centenario50pesos\/wp-json\/wp\/v2\/pages\/95\/revisions"}],"predecessor-version":[{"id":96,"href":"https:\/\/corgitrade.com\/centenario50pesos\/wp-json\/wp\/v2\/pages\/95\/revisions\/96"}],"wp:attachment":[{"href":"https:\/\/corgitrade.com\/centenario50pesos\/wp-json\/wp\/v2\/media?parent=95"}],"curies":[{"name":"wp","href":"https:\/\/api.w.org\/{rel}","templated":true}]}}