{"id":23,"date":"2016-11-04T09:01:33","date_gmt":"2016-11-04T09:01:33","guid":{"rendered":"http:\/\/corgitrade.com\/centenario50pesos\/?page_id=23"},"modified":"2020-04-20T14:28:58","modified_gmt":"2020-04-20T13:28:58","slug":"precio-del-centenario-del-oro","status":"publish","type":"page","link":"https:\/\/corgitrade.com\/centenario50pesos\/es\/precio-del-centenario-del-oro\/","title":{"rendered":"Precio del Centenario del Oro"},"content":{"rendered":"<p>En relaci\u00f3n con el precio del Centenario del Oro, la informaci\u00f3n en esta p\u00e1gina sea de utilidad. La moneda pesa 41,66 gramos, mide 37,1mm de di\u00e1metro y contiene como hemos dicho previamente 37,5 gramos de Oro puro (es decir 1,2057 oz).<\/p>\n<p>M\u00e1s de 12 millones de monedas fueron fabricadas entre 1921 y 1972. Las monedas acu\u00f1adas en 1947 son de muy buena calidad, pero las realizadas anteriormente son posiblemente m\u00e1s caras.<\/p>\n<p>Hay que citar tambi\u00e9n, la acu\u00f1aci\u00f3n de un tipo realizado en 1943, unos 89.000 ejemplares, de un di\u00e1metro superior, unos 39mm, pero de un peso id\u00e9ntico a las otras monedas.<\/p>\n<p>La moneda de 50 Pesos <a href=\"https:\/\/es.wikipedia.org\/wiki\/Centenario_(moneda)\">Centenario<\/a> tiene todav\u00eda hoy un gran \u00e9xito en el mundo hispano, en Espa\u00f1a y en Am\u00e9rica latina principalmente. La buena posici\u00f3n ocupada por el Kruggerand a lo largo de estos \u00faltimos a\u00f1os, desenfoc\u00f3 el inter\u00e9s de otros inversores por la moneda de 50 pesos.<\/p>\n<h2>Precio del Centenario<\/h2>\n<div class='ebayfeed'><\/div>\n<p>En el reverso aparece un \u00e1ngel sosteniendo una corona mientras se exalta en el cielo. Su fondo es de manera adecuada, hermoso terreno monta\u00f1oso de M\u00e9xico. La pureza y el peso de la moneda est\u00e1 grabado en su anverso, con el per\u00edodo de acu\u00f1aci\u00f3n y la denominaci\u00f3n tambi\u00e9n inscrito. Esta moneda de oro 50 Pesos est\u00e1 bordeada por una frontera estilizada y estructurado.<br \/>\nEl anverso lleva el s\u00edmbolo universal para las Am\u00e9ricas, el \u00e1guila fuerte y poderoso, dominando la serpiente traicionera. El \u00c1guila se manifiesta el esp\u00edritu de M\u00e9xico, ya que est\u00e1 rodeado por un c\u00e9sped natural. La parte superior de la moneda lleva la leyenda &#8220;Estados Unidos Mexicanos&#8221;.<\/p>\n<figure id=\"attachment_62\" aria-describedby=\"caption-attachment-62\" style=\"width: 150px\" class=\"wp-caption alignnone\"><img decoding=\"async\" loading=\"lazy\" class=\"wp-image-62 size-thumbnail\" src=\"http:\/\/corgitrade.com\/centenario50pesos\/wp-content\/uploads\/centenario7-2-150x150.png\" alt=\"Precio del Centenario\" width=\"150\" height=\"150\" srcset=\"https:\/\/corgitrade.com\/centenario50pesos\/wp-content\/uploads\/centenario7-2-150x150.png 150w, https:\/\/corgitrade.com\/centenario50pesos\/wp-content\/uploads\/centenario7-2.png 367w\" sizes=\"(max-width: 150px) 100vw, 150px\" \/><figcaption id=\"caption-attachment-62\" class=\"wp-caption-text\">Precio del Centenario<\/figcaption><\/figure>\n<p>&nbsp;<\/p>\n<p><a href=\"http:\/\/corgitrade.com\/centenario50pesos\/\">Centenario 50 Pesos<\/a><\/p>\n","protected":false},"excerpt":{"rendered":"<p>En relaci\u00f3n con el precio del Centenario del Oro, la informaci\u00f3n en esta p\u00e1gina sea de utilidad. La moneda pesa 41,66 gramos, mide 37,1mm de di\u00e1metro y contiene como hemos dicho previamente 37,5 gramos de Oro puro (es decir 1,2057 oz). M\u00e1s de 12 millones de monedas fueron fabricadas entre 1921 y 1972. Las monedas [&hellip;]<\/p>\n","protected":false},"author":2,"featured_media":0,"parent":0,"menu_order":0,"comment_status":"closed","ping_status":"closed","template":"","meta":[],"_links":{"self":[{"href":"https:\/\/corgitrade.com\/centenario50pesos\/wp-json\/wp\/v2\/pages\/23"}],"collection":[{"href":"https:\/\/corgitrade.com\/centenario50pesos\/wp-json\/wp\/v2\/pages"}],"about":[{"href":"https:\/\/corgitrade.com\/centenario50pesos\/wp-json\/wp\/v2\/types\/page"}],"author":[{"embeddable":true,"href":"https:\/\/corgitrade.com\/centenario50pesos\/wp-json\/wp\/v2\/users\/2"}],"replies":[{"embeddable":true,"href":"https:\/\/corgitrade.com\/centenario50pesos\/wp-json\/wp\/v2\/comments?post=23"}],"version-history":[{"count":10,"href":"https:\/\/corgitrade.com\/centenario50pesos\/wp-json\/wp\/v2\/pages\/23\/revisions"}],"predecessor-version":[{"id":1721,"href":"https:\/\/corgitrade.com\/centenario50pesos\/wp-json\/wp\/v2\/pages\/23\/revisions\/1721"}],"wp:attachment":[{"href":"https:\/\/corgitrade.com\/centenario50pesos\/wp-json\/wp\/v2\/media?parent=23"}],"curies":[{"name":"wp","href":"https:\/\/api.w.org\/{rel}","templated":true}]}}