{"id":105,"date":"2016-11-07T19:02:50","date_gmt":"2016-11-07T19:02:50","guid":{"rendered":"http:\/\/corgitrade.com\/centenario50pesos\/?page_id=105"},"modified":"2016-11-16T19:33:50","modified_gmt":"2016-11-16T19:33:50","slug":"quienes-somos","status":"publish","type":"page","link":"https:\/\/corgitrade.com\/centenario50pesos\/es\/quienes-somos\/","title":{"rendered":"Qui\u00e9nes somos"},"content":{"rendered":"<p>Centenario50Pesos.com es un sitio para personas que quieren compara precios y compra una vieja moneda mexicana 50 Pesos Centenario oro.<\/p>\n<p>\u00bfEs seguro comprar un Centenario aqu\u00ed?<\/p>\n<p>Este sitio agrupa art\u00edculos a la venta en eBay.com de una manera f\u00e1cil de navegar. Usted no est\u00e1 comprando nada de Centenario50Pesos.com; realmente est\u00e1 comprando a un vendedor en eBay o Amazon. EBay es un lugar seguro para comprar art\u00edculos y ofrecen protecci\u00f3n adicional cuando se utiliza PayPal.<\/p>\n<p>\u00bfPor qu\u00e9 tienen tan limitada gama o monedas de oro o lingotes?<\/p>\n<p>Hay un mont\u00f3n de otros sitios por ah\u00ed vendiendo una amplia gama de monedas de oro y lingotes de diversos pa\u00edses. Centenario50Pesos.com, por el contrario, se especializa solamente en la vieja moneda mexicana Centenario 50 Pesos oro de la pesada encantador.<\/p>\n<p><a href=\"http:\/\/celticirishring.com\/\">CelticIrishRing <\/a><br \/>\n<a href=\"http:\/\/www.walesgold.com\/welshgold\/\">WalesGold<\/a><\/p>\n","protected":false},"excerpt":{"rendered":"<p>Centenario50Pesos.com es un sitio para personas que quieren compara precios y compra una vieja moneda mexicana 50 Pesos Centenario oro. \u00bfEs seguro comprar un Centenario aqu\u00ed? Este sitio agrupa art\u00edculos a la venta en eBay.com de una manera f\u00e1cil de navegar. Usted no est\u00e1 comprando nada de Centenario50Pesos.com; realmente est\u00e1 comprando a un vendedor en [&hellip;]<\/p>\n","protected":false},"author":2,"featured_media":0,"parent":0,"menu_order":91,"comment_status":"closed","ping_status":"closed","template":"","meta":[],"_links":{"self":[{"href":"https:\/\/corgitrade.com\/centenario50pesos\/wp-json\/wp\/v2\/pages\/105"}],"collection":[{"href":"https:\/\/corgitrade.com\/centenario50pesos\/wp-json\/wp\/v2\/pages"}],"about":[{"href":"https:\/\/corgitrade.com\/centenario50pesos\/wp-json\/wp\/v2\/types\/page"}],"author":[{"embeddable":true,"href":"https:\/\/corgitrade.com\/centenario50pesos\/wp-json\/wp\/v2\/users\/2"}],"replies":[{"embeddable":true,"href":"https:\/\/corgitrade.com\/centenario50pesos\/wp-json\/wp\/v2\/comments?post=105"}],"version-history":[{"count":2,"href":"https:\/\/corgitrade.com\/centenario50pesos\/wp-json\/wp\/v2\/pages\/105\/revisions"}],"predecessor-version":[{"id":133,"href":"https:\/\/corgitrade.com\/centenario50pesos\/wp-json\/wp\/v2\/pages\/105\/revisions\/133"}],"wp:attachment":[{"href":"https:\/\/corgitrade.com\/centenario50pesos\/wp-json\/wp\/v2\/media?parent=105"}],"curies":[{"name":"wp","href":"https:\/\/api.w.org\/{rel}","templated":true}]}}